{"id":594,"date":"2024-04-23T20:21:22","date_gmt":"2024-04-23T18:21:22","guid":{"rendered":"https:\/\/grandespersonitaskids.com\/?page_id=594"},"modified":"2024-10-22T22:07:25","modified_gmt":"2024-10-22T20:07:25","slug":"talentos","status":"publish","type":"page","link":"https:\/\/grandespersonitaskids.com\/index.php\/talentos\/","title":{"rendered":"Talentos"},"content":{"rendered":"\t\t<div data-elementor-type=\"wp-page\" data-elementor-id=\"594\" class=\"elementor elementor-594\">\n\t\t\t\t<div class=\"elementor-element elementor-element-e23954b e-flex e-con-boxed e-con e-parent\" data-id=\"e23954b\" data-element_type=\"container\">\n\t\t\t\t\t<div class=\"e-con-inner\">\n\t\t\t\t<div class=\"elementor-element elementor-element-1989eeb elementor-widget elementor-widget-text-editor\" data-id=\"1989eeb\" data-element_type=\"widget\" data-widget_type=\"text-editor.default\">\n\t\t\t\t<div class=\"elementor-widget-container\">\n\t\t\t\t\t\t\t<p style=\"text-align: left;\"><span style=\"vertical-align: inherit;\"><span style=\"vertical-align: inherit;\"><span style=\"vertical-align: inherit;\"><span style=\"vertical-align: inherit;\"><span style=\"vertical-align: inherit;\"><span style=\"vertical-align: inherit;\">\u00a1Descubre <\/span><\/span><\/span><\/span><\/span><\/span><span style=\"vertical-align: inherit;\"><span style=\"vertical-align: inherit;\"><span style=\"vertical-align: inherit;\"><span style=\"vertical-align: inherit;\"><span style=\"vertical-align: inherit;\"><span style=\"vertical-align: inherit;\">el mundo de posibilidades que tenemos para tu peque\u00f1o en nuestro jard\u00edn infantil! En nuestro compromiso con el desarrollo integral de cada ni\u00f1o, ofrecemos una amplia gama de actividades extracurriculares que estimulan su crecimiento f\u00edsico, mental y emocional <\/span><\/span><\/span><\/span><\/span><\/span><em><span style=\"vertical-align: inherit;\"><span style=\"vertical-align: inherit;\"><span style=\"vertical-align: inherit;\"><span style=\"vertical-align: inherit;\"><span style=\"vertical-align: inherit;\"><span style=\"vertical-align: inherit;\">.<\/span><\/span><\/span><\/span><\/span><\/span><\/em><\/p>\t\t\t\t\t\t<\/div>\n\t\t\t\t<\/div>\n\t\t\t\t\t<\/div>\n\t\t\t\t<\/div>\n\t\t<div class=\"elementor-element elementor-element-e34542b e-grid e-con-boxed e-con e-parent\" data-id=\"e34542b\" data-element_type=\"container\">\n\t\t\t\t\t<div class=\"e-con-inner\">\n\t\t\t\t<div class=\"elementor-element elementor-element-5025ea8 elementor-widget elementor-widget-image\" data-id=\"5025ea8\" data-element_type=\"widget\" data-widget_type=\"image.default\">\n\t\t\t\t<div class=\"elementor-widget-container\">\n\t\t\t\t\t\t\t\t\t\t\t\t\t<img fetchpriority=\"high\" decoding=\"async\" width=\"800\" height=\"800\" src=\"https:\/\/grandespersonitaskids.com\/wp-content\/uploads\/2024\/09\/Grandes-personitas-kids-ballet-1024x1024.jpg\" class=\"attachment-large size-large wp-image-1226\" alt=\"\" srcset=\"https:\/\/grandespersonitaskids.com\/wp-content\/uploads\/2024\/09\/Grandes-personitas-kids-ballet-1024x1024.jpg 1024w, https:\/\/grandespersonitaskids.com\/wp-content\/uploads\/2024\/09\/Grandes-personitas-kids-ballet-300x300.jpg 300w, https:\/\/grandespersonitaskids.com\/wp-content\/uploads\/2024\/09\/Grandes-personitas-kids-ballet-150x150.jpg 150w, https:\/\/grandespersonitaskids.com\/wp-content\/uploads\/2024\/09\/Grandes-personitas-kids-ballet-768x768.jpg 768w, https:\/\/grandespersonitaskids.com\/wp-content\/uploads\/2024\/09\/Grandes-personitas-kids-ballet.jpg 1200w\" sizes=\"(max-width: 800px) 100vw, 800px\" \/>\t\t\t\t\t\t\t\t\t\t\t\t\t<\/div>\n\t\t\t\t<\/div>\n\t\t\t\t<div class=\"elementor-element elementor-element-ff613f7 elementor-widget elementor-widget-image\" data-id=\"ff613f7\" data-element_type=\"widget\" data-widget_type=\"image.default\">\n\t\t\t\t<div class=\"elementor-widget-container\">\n\t\t\t\t\t\t\t\t\t\t\t\t\t<img decoding=\"async\" width=\"800\" height=\"800\" src=\"https:\/\/grandespersonitaskids.com\/wp-content\/uploads\/2024\/09\/Grandes-personitas-kids-taekwondo-1024x1024.jpg\" class=\"attachment-large size-large wp-image-1229\" alt=\"\" srcset=\"https:\/\/grandespersonitaskids.com\/wp-content\/uploads\/2024\/09\/Grandes-personitas-kids-taekwondo-1024x1024.jpg 1024w, https:\/\/grandespersonitaskids.com\/wp-content\/uploads\/2024\/09\/Grandes-personitas-kids-taekwondo-300x300.jpg 300w, https:\/\/grandespersonitaskids.com\/wp-content\/uploads\/2024\/09\/Grandes-personitas-kids-taekwondo-150x150.jpg 150w, https:\/\/grandespersonitaskids.com\/wp-content\/uploads\/2024\/09\/Grandes-personitas-kids-taekwondo-768x768.jpg 768w, https:\/\/grandespersonitaskids.com\/wp-content\/uploads\/2024\/09\/Grandes-personitas-kids-taekwondo.jpg 1200w\" sizes=\"(max-width: 800px) 100vw, 800px\" \/>\t\t\t\t\t\t\t\t\t\t\t\t\t<\/div>\n\t\t\t\t<\/div>\n\t\t\t\t<div class=\"elementor-element elementor-element-58a2f02 elementor-widget elementor-widget-image\" data-id=\"58a2f02\" data-element_type=\"widget\" data-widget_type=\"image.default\">\n\t\t\t\t<div class=\"elementor-widget-container\">\n\t\t\t\t\t\t\t\t\t\t\t\t\t<img decoding=\"async\" width=\"800\" height=\"800\" src=\"https:\/\/grandespersonitaskids.com\/wp-content\/uploads\/2024\/09\/Grandes-personitas-kids-natacion-1024x1024.jpg\" class=\"attachment-large size-large wp-image-1228\" alt=\"\" srcset=\"https:\/\/grandespersonitaskids.com\/wp-content\/uploads\/2024\/09\/Grandes-personitas-kids-natacion-1024x1024.jpg 1024w, https:\/\/grandespersonitaskids.com\/wp-content\/uploads\/2024\/09\/Grandes-personitas-kids-natacion-300x300.jpg 300w, https:\/\/grandespersonitaskids.com\/wp-content\/uploads\/2024\/09\/Grandes-personitas-kids-natacion-150x150.jpg 150w, https:\/\/grandespersonitaskids.com\/wp-content\/uploads\/2024\/09\/Grandes-personitas-kids-natacion-768x768.jpg 768w, https:\/\/grandespersonitaskids.com\/wp-content\/uploads\/2024\/09\/Grandes-personitas-kids-natacion.jpg 1200w\" sizes=\"(max-width: 800px) 100vw, 800px\" \/>\t\t\t\t\t\t\t\t\t\t\t\t\t<\/div>\n\t\t\t\t<\/div>\n\t\t\t\t<div class=\"elementor-element elementor-element-f1dde3f elementor-widget elementor-widget-image\" data-id=\"f1dde3f\" data-element_type=\"widget\" data-widget_type=\"image.default\">\n\t\t\t\t<div class=\"elementor-widget-container\">\n\t\t\t\t\t\t\t\t\t\t\t\t\t<img loading=\"lazy\" decoding=\"async\" width=\"800\" height=\"800\" src=\"https:\/\/grandespersonitaskids.com\/wp-content\/uploads\/2024\/09\/Grandes-personitas-kids-futbol-1024x1024.jpg\" class=\"attachment-large size-large wp-image-1227\" alt=\"\" srcset=\"https:\/\/grandespersonitaskids.com\/wp-content\/uploads\/2024\/09\/Grandes-personitas-kids-futbol-1024x1024.jpg 1024w, https:\/\/grandespersonitaskids.com\/wp-content\/uploads\/2024\/09\/Grandes-personitas-kids-futbol-300x300.jpg 300w, https:\/\/grandespersonitaskids.com\/wp-content\/uploads\/2024\/09\/Grandes-personitas-kids-futbol-150x150.jpg 150w, https:\/\/grandespersonitaskids.com\/wp-content\/uploads\/2024\/09\/Grandes-personitas-kids-futbol-768x768.jpg 768w, https:\/\/grandespersonitaskids.com\/wp-content\/uploads\/2024\/09\/Grandes-personitas-kids-futbol.jpg 1200w\" sizes=\"(max-width: 800px) 100vw, 800px\" \/>\t\t\t\t\t\t\t\t\t\t\t\t\t<\/div>\n\t\t\t\t<\/div>\n\t\t\t\t\t<\/div>\n\t\t\t\t<\/div>\n\t\t<div class=\"elementor-element elementor-element-9720416 e-flex e-con-boxed e-con e-parent\" data-id=\"9720416\" data-element_type=\"container\">\n\t\t\t\t\t<div class=\"e-con-inner\">\n\t\t\t\t<div class=\"elementor-element elementor-element-b340020 elementor-widget elementor-widget-image\" data-id=\"b340020\" data-element_type=\"widget\" data-widget_type=\"image.default\">\n\t\t\t\t<div class=\"elementor-widget-container\">\n\t\t\t\t\t\t\t\t\t\t\t\t\t<img loading=\"lazy\" decoding=\"async\" width=\"800\" height=\"17\" src=\"https:\/\/grandespersonitaskids.com\/wp-content\/uploads\/2024\/08\/cenefa-1024x22.png\" class=\"attachment-large size-large wp-image-1036\" alt=\"\" srcset=\"https:\/\/grandespersonitaskids.com\/wp-content\/uploads\/2024\/08\/cenefa-1024x22.png 1024w, https:\/\/grandespersonitaskids.com\/wp-content\/uploads\/2024\/08\/cenefa-300x7.png 300w, https:\/\/grandespersonitaskids.com\/wp-content\/uploads\/2024\/08\/cenefa-768x17.png 768w, https:\/\/grandespersonitaskids.com\/wp-content\/uploads\/2024\/08\/cenefa.png 1246w\" sizes=\"(max-width: 800px) 100vw, 800px\" \/>\t\t\t\t\t\t\t\t\t\t\t\t\t<\/div>\n\t\t\t\t<\/div>\n\t\t\t\t\t<\/div>\n\t\t\t\t<\/div>\n\t\t<div class=\"elementor-element elementor-element-31b966b e-flex e-con-boxed e-con e-parent\" data-id=\"31b966b\" data-element_type=\"container\">\n\t\t\t\t\t<div class=\"e-con-inner\">\n\t\t<div class=\"elementor-element elementor-element-5eb50b0 e-con-full e-flex e-con e-child\" data-id=\"5eb50b0\" data-element_type=\"container\">\n\t\t<div class=\"elementor-element elementor-element-0bee417 e-con-full e-flex e-con e-child\" data-id=\"0bee417\" data-element_type=\"container\">\n\t\t<div class=\"elementor-element elementor-element-67110e6 e-con-full e-flex e-con e-child\" data-id=\"67110e6\" data-element_type=\"container\">\n\t\t<div class=\"elementor-element elementor-element-cbe48d4 e-con-full e-flex e-con e-child\" data-id=\"cbe48d4\" data-element_type=\"container\">\n\t\t\t\t<\/div>\n\t\t\t\t<\/div>\n\t\t\t\t<\/div>\n\t\t\t\t<\/div>\n\t\t\t\t\t<\/div>\n\t\t\t\t<\/div>\n\t\t\t\t<\/div>\n\t\t","protected":false},"excerpt":{"rendered":"<p>\u00a1Descubre el mundo de posibilidades que tenemos para tu peque\u00f1o en nuestro jard\u00edn infantil! En nuestro compromiso con el desarrollo integral de cada ni\u00f1o, ofrecemos una amplia gama de actividades extracurriculares que estimulan su crecimiento f\u00edsico, mental y emocional . Clase Gratuita Agenda tu clase de Cortes\u00eda y vive la experiencia GPK AGENDA CLASE<\/p>\n","protected":false},"author":4,"featured_media":0,"parent":0,"menu_order":0,"comment_status":"closed","ping_status":"closed","template":"elementor_header_footer","meta":{"footnotes":"","_joinchat":[]},"yoast_head":"<!-- This site is optimized with the Yoast SEO plugin v23.4 - https:\/\/yoast.com\/wordpress\/plugins\/seo\/ -->\n<title>Talentos - Jardin Infantil Grandes Personitas Kids<\/title>\n<meta name=\"robots\" content=\"noindex, follow, max-snippet:-1, max-image-preview:large, max-video-preview:-1\" \/>\n<meta property=\"og:locale\" content=\"en_US\" \/>\n<meta property=\"og:type\" content=\"article\" \/>\n<meta property=\"og:title\" content=\"Talentos - Jardin Infantil Grandes Personitas Kids\" \/>\n<meta property=\"og:description\" content=\"\u00a1Descubre el mundo de posibilidades que tenemos para tu peque\u00f1o en nuestro jard\u00edn infantil! En nuestro compromiso con el desarrollo integral de cada ni\u00f1o, ofrecemos una amplia gama de actividades extracurriculares que estimulan su crecimiento f\u00edsico, mental y emocional . Clase Gratuita Agenda tu clase de Cortes\u00eda y vive la experiencia GPK AGENDA CLASE\" \/>\n<meta property=\"og:url\" content=\"https:\/\/grandespersonitaskids.com\/index.php\/talentos\/\" \/>\n<meta property=\"og:site_name\" content=\"Jardin Infantil Grandes Personitas Kids\" \/>\n<meta property=\"article:modified_time\" content=\"2024-10-22T20:07:25+00:00\" \/>\n<meta property=\"og:image\" content=\"https:\/\/grandespersonitaskids.com\/wp-content\/uploads\/2024\/09\/Grandes-personitas-kids-ballet-1024x1024.jpg\" \/>\n<meta name=\"twitter:card\" content=\"summary_large_image\" \/>\n<meta name=\"twitter:label1\" content=\"Est. reading time\" \/>\n\t<meta name=\"twitter:data1\" content=\"2 minutes\" \/>\n<script type=\"application\/ld+json\" class=\"yoast-schema-graph\">{\"@context\":\"https:\/\/schema.org\",\"@graph\":[{\"@type\":\"WebPage\",\"@id\":\"https:\/\/grandespersonitaskids.com\/index.php\/talentos\/\",\"url\":\"https:\/\/grandespersonitaskids.com\/index.php\/talentos\/\",\"name\":\"Talentos - Jardin Infantil Grandes Personitas Kids\",\"isPartOf\":{\"@id\":\"https:\/\/grandespersonitaskids.com\/#website\"},\"primaryImageOfPage\":{\"@id\":\"https:\/\/grandespersonitaskids.com\/index.php\/talentos\/#primaryimage\"},\"image\":{\"@id\":\"https:\/\/grandespersonitaskids.com\/index.php\/talentos\/#primaryimage\"},\"thumbnailUrl\":\"https:\/\/grandespersonitaskids.com\/wp-content\/uploads\/2024\/09\/Grandes-personitas-kids-ballet-1024x1024.jpg\",\"datePublished\":\"2024-04-23T18:21:22+00:00\",\"dateModified\":\"2024-10-22T20:07:25+00:00\",\"breadcrumb\":{\"@id\":\"https:\/\/grandespersonitaskids.com\/index.php\/talentos\/#breadcrumb\"},\"inLanguage\":\"en-US\",\"potentialAction\":[{\"@type\":\"ReadAction\",\"target\":[\"https:\/\/grandespersonitaskids.com\/index.php\/talentos\/\"]}]},{\"@type\":\"ImageObject\",\"inLanguage\":\"en-US\",\"@id\":\"https:\/\/grandespersonitaskids.com\/index.php\/talentos\/#primaryimage\",\"url\":\"https:\/\/grandespersonitaskids.com\/wp-content\/uploads\/2024\/09\/Grandes-personitas-kids-ballet.jpg\",\"contentUrl\":\"https:\/\/grandespersonitaskids.com\/wp-content\/uploads\/2024\/09\/Grandes-personitas-kids-ballet.jpg\",\"width\":1200,\"height\":1200},{\"@type\":\"BreadcrumbList\",\"@id\":\"https:\/\/grandespersonitaskids.com\/index.php\/talentos\/#breadcrumb\",\"itemListElement\":[{\"@type\":\"ListItem\",\"position\":1,\"name\":\"Portada\",\"item\":\"https:\/\/grandespersonitaskids.com\/\"},{\"@type\":\"ListItem\",\"position\":2,\"name\":\"Talentos\"}]},{\"@type\":\"WebSite\",\"@id\":\"https:\/\/grandespersonitaskids.com\/#website\",\"url\":\"https:\/\/grandespersonitaskids.com\/\",\"name\":\"Jardin Infantil Grandes Personitas Kids\",\"description\":\"\",\"publisher\":{\"@id\":\"https:\/\/grandespersonitaskids.com\/#organization\"},\"potentialAction\":[{\"@type\":\"SearchAction\",\"target\":{\"@type\":\"EntryPoint\",\"urlTemplate\":\"https:\/\/grandespersonitaskids.com\/?s={search_term_string}\"},\"query-input\":{\"@type\":\"PropertyValueSpecification\",\"valueRequired\":true,\"valueName\":\"search_term_string\"}}],\"inLanguage\":\"en-US\"},{\"@type\":\"Organization\",\"@id\":\"https:\/\/grandespersonitaskids.com\/#organization\",\"name\":\"Jardin Infantil Grandes Personitas Kids\",\"url\":\"https:\/\/grandespersonitaskids.com\/\",\"logo\":{\"@type\":\"ImageObject\",\"inLanguage\":\"en-US\",\"@id\":\"https:\/\/grandespersonitaskids.com\/#\/schema\/logo\/image\/\",\"url\":\"https:\/\/grandespersonitaskids.com\/wp-content\/uploads\/2024\/04\/Grandes-Personitas-Kids-Logo.png\",\"contentUrl\":\"https:\/\/grandespersonitaskids.com\/wp-content\/uploads\/2024\/04\/Grandes-Personitas-Kids-Logo.png\",\"width\":737,\"height\":255,\"caption\":\"Jardin Infantil Grandes Personitas Kids\"},\"image\":{\"@id\":\"https:\/\/grandespersonitaskids.com\/#\/schema\/logo\/image\/\"}}]}<\/script>\n<!-- \/ Yoast SEO plugin. -->","yoast_head_json":{"title":"Talentos - Jardin Infantil Grandes Personitas Kids","robots":{"index":"noindex","follow":"follow","max-snippet":"max-snippet:-1","max-image-preview":"max-image-preview:large","max-video-preview":"max-video-preview:-1"},"og_locale":"en_US","og_type":"article","og_title":"Talentos - Jardin Infantil Grandes Personitas Kids","og_description":"\u00a1Descubre el mundo de posibilidades que tenemos para tu peque\u00f1o en nuestro jard\u00edn infantil! En nuestro compromiso con el desarrollo integral de cada ni\u00f1o, ofrecemos una amplia gama de actividades extracurriculares que estimulan su crecimiento f\u00edsico, mental y emocional . Clase Gratuita Agenda tu clase de Cortes\u00eda y vive la experiencia GPK AGENDA CLASE","og_url":"https:\/\/grandespersonitaskids.com\/index.php\/talentos\/","og_site_name":"Jardin Infantil Grandes Personitas Kids","article_modified_time":"2024-10-22T20:07:25+00:00","og_image":[{"url":"https:\/\/grandespersonitaskids.com\/wp-content\/uploads\/2024\/09\/Grandes-personitas-kids-ballet-1024x1024.jpg"}],"twitter_card":"summary_large_image","twitter_misc":{"Est. reading time":"2 minutes"},"schema":{"@context":"https:\/\/schema.org","@graph":[{"@type":"WebPage","@id":"https:\/\/grandespersonitaskids.com\/index.php\/talentos\/","url":"https:\/\/grandespersonitaskids.com\/index.php\/talentos\/","name":"Talentos - Jardin Infantil Grandes Personitas Kids","isPartOf":{"@id":"https:\/\/grandespersonitaskids.com\/#website"},"primaryImageOfPage":{"@id":"https:\/\/grandespersonitaskids.com\/index.php\/talentos\/#primaryimage"},"image":{"@id":"https:\/\/grandespersonitaskids.com\/index.php\/talentos\/#primaryimage"},"thumbnailUrl":"https:\/\/grandespersonitaskids.com\/wp-content\/uploads\/2024\/09\/Grandes-personitas-kids-ballet-1024x1024.jpg","datePublished":"2024-04-23T18:21:22+00:00","dateModified":"2024-10-22T20:07:25+00:00","breadcrumb":{"@id":"https:\/\/grandespersonitaskids.com\/index.php\/talentos\/#breadcrumb"},"inLanguage":"en-US","potentialAction":[{"@type":"ReadAction","target":["https:\/\/grandespersonitaskids.com\/index.php\/talentos\/"]}]},{"@type":"ImageObject","inLanguage":"en-US","@id":"https:\/\/grandespersonitaskids.com\/index.php\/talentos\/#primaryimage","url":"https:\/\/grandespersonitaskids.com\/wp-content\/uploads\/2024\/09\/Grandes-personitas-kids-ballet.jpg","contentUrl":"https:\/\/grandespersonitaskids.com\/wp-content\/uploads\/2024\/09\/Grandes-personitas-kids-ballet.jpg","width":1200,"height":1200},{"@type":"BreadcrumbList","@id":"https:\/\/grandespersonitaskids.com\/index.php\/talentos\/#breadcrumb","itemListElement":[{"@type":"ListItem","position":1,"name":"Portada","item":"https:\/\/grandespersonitaskids.com\/"},{"@type":"ListItem","position":2,"name":"Talentos"}]},{"@type":"WebSite","@id":"https:\/\/grandespersonitaskids.com\/#website","url":"https:\/\/grandespersonitaskids.com\/","name":"Jardin Infantil Grandes Personitas Kids","description":"","publisher":{"@id":"https:\/\/grandespersonitaskids.com\/#organization"},"potentialAction":[{"@type":"SearchAction","target":{"@type":"EntryPoint","urlTemplate":"https:\/\/grandespersonitaskids.com\/?s={search_term_string}"},"query-input":{"@type":"PropertyValueSpecification","valueRequired":true,"valueName":"search_term_string"}}],"inLanguage":"en-US"},{"@type":"Organization","@id":"https:\/\/grandespersonitaskids.com\/#organization","name":"Jardin Infantil Grandes Personitas Kids","url":"https:\/\/grandespersonitaskids.com\/","logo":{"@type":"ImageObject","inLanguage":"en-US","@id":"https:\/\/grandespersonitaskids.com\/#\/schema\/logo\/image\/","url":"https:\/\/grandespersonitaskids.com\/wp-content\/uploads\/2024\/04\/Grandes-Personitas-Kids-Logo.png","contentUrl":"https:\/\/grandespersonitaskids.com\/wp-content\/uploads\/2024\/04\/Grandes-Personitas-Kids-Logo.png","width":737,"height":255,"caption":"Jardin Infantil Grandes Personitas Kids"},"image":{"@id":"https:\/\/grandespersonitaskids.com\/#\/schema\/logo\/image\/"}}]}},"_links":{"self":[{"href":"https:\/\/grandespersonitaskids.com\/index.php\/wp-json\/wp\/v2\/pages\/594"}],"collection":[{"href":"https:\/\/grandespersonitaskids.com\/index.php\/wp-json\/wp\/v2\/pages"}],"about":[{"href":"https:\/\/grandespersonitaskids.com\/index.php\/wp-json\/wp\/v2\/types\/page"}],"author":[{"embeddable":true,"href":"https:\/\/grandespersonitaskids.com\/index.php\/wp-json\/wp\/v2\/users\/4"}],"replies":[{"embeddable":true,"href":"https:\/\/grandespersonitaskids.com\/index.php\/wp-json\/wp\/v2\/comments?post=594"}],"version-history":[{"count":80,"href":"https:\/\/grandespersonitaskids.com\/index.php\/wp-json\/wp\/v2\/pages\/594\/revisions"}],"predecessor-version":[{"id":1326,"href":"https:\/\/grandespersonitaskids.com\/index.php\/wp-json\/wp\/v2\/pages\/594\/revisions\/1326"}],"wp:attachment":[{"href":"https:\/\/grandespersonitaskids.com\/index.php\/wp-json\/wp\/v2\/media?parent=594"}],"curies":[{"name":"wp","href":"https:\/\/api.w.org\/{rel}","templated":true}]}}