{"id":233,"date":"2024-04-17T10:36:34","date_gmt":"2024-04-17T08:36:34","guid":{"rendered":"https:\/\/grandespersonitaskids.com\/?page_id=233"},"modified":"2024-10-22T21:46:45","modified_gmt":"2024-10-22T19:46:45","slug":"nosotros","status":"publish","type":"page","link":"https:\/\/grandespersonitaskids.com\/index.php\/nosotros\/","title":{"rendered":"Nosotros"},"content":{"rendered":"\t\t<div data-elementor-type=\"wp-page\" data-elementor-id=\"233\" class=\"elementor elementor-233\">\n\t\t\t\t<div class=\"elementor-element elementor-element-db0aa78 e-grid e-con-boxed e-con e-parent\" data-id=\"db0aa78\" data-element_type=\"container\">\n\t\t\t\t\t<div class=\"e-con-inner\">\n\t\t\t\t<div class=\"elementor-element elementor-element-82cb940 elementor-widget elementor-widget-text-editor\" data-id=\"82cb940\" data-element_type=\"widget\" data-widget_type=\"text-editor.default\">\n\t\t\t\t<div class=\"elementor-widget-container\">\n\t\t\t\t\t\t\t<p style=\"text-align: left;\"><strong><span style=\"vertical-align: inherit;\"><span style=\"vertical-align: inherit;\"><span style=\"vertical-align: inherit;\"><span style=\"vertical-align: inherit;\">\u00bfQuienes somos?<\/span><\/span><\/span><\/span><\/strong><\/p><p style=\"text-align: left;\"><span style=\"color: #d01a7f;\"><strong><span style=\"vertical-align: inherit;\"><span style=\"vertical-align: inherit;\"><span style=\"vertical-align: inherit;\"><span style=\"vertical-align: inherit;\">Pedagog\u00eda GPK<\/span><\/span><\/span><\/span><\/strong><\/span><\/p><p style=\"text-align: left;\"><span style=\"vertical-align: inherit;\"><span style=\"vertical-align: inherit;\"><span style=\"vertical-align: inherit;\"><span style=\"vertical-align: inherit;\">Nuestro proyecto pedag\u00f3gico se basa en la creaci\u00f3n de experiencias significativas a trav\u00e9s de proyectos de aula creando un aprendizaje reflexivo. Los ni\u00f1os pueden aprender de forma aut\u00f3noma mediante la observaci\u00f3n y su curiosidad natural, lo que les permite desarrollar su creatividad y fomentar el pensamiento cr\u00edtico y la capacidad de observaci\u00f3n. Como resultado, formamos ni\u00f1os y ni\u00f1as felices, curiosos, competentes y socialmente comprometidos, con las habilidades y destrezas necesarias para asumir con \u00e9xito su educaci\u00f3n escolar.<\/span><\/span><\/span><\/span><\/p>\t\t\t\t\t\t<\/div>\n\t\t\t\t<\/div>\n\t\t\t\t<div class=\"elementor-element elementor-element-727b883 elementor-widget elementor-widget-video\" data-id=\"727b883\" data-element_type=\"widget\" data-settings=\"{&quot;youtube_url&quot;:&quot;https:\\\/\\\/www.youtube.com\\\/watch?v=AWnQBL4wuuY&quot;,&quot;video_type&quot;:&quot;youtube&quot;,&quot;controls&quot;:&quot;yes&quot;}\" data-widget_type=\"video.default\">\n\t\t\t\t<div class=\"elementor-widget-container\">\n\t\t\t\t\t<div class=\"elementor-wrapper elementor-open-inline\">\n\t\t\t<div class=\"elementor-video\"><\/div>\t\t<\/div>\n\t\t\t\t<\/div>\n\t\t\t\t<\/div>\n\t\t\t\t\t<\/div>\n\t\t\t\t<\/div>\n\t\t<div class=\"elementor-element elementor-element-fdce025 e-grid e-con-boxed e-con e-parent\" data-id=\"fdce025\" data-element_type=\"container\">\n\t\t\t\t\t<div class=\"e-con-inner\">\n\t\t\t\t<div class=\"elementor-element elementor-element-fb17714 elementor-widget elementor-widget-text-editor\" data-id=\"fb17714\" data-element_type=\"widget\" data-widget_type=\"text-editor.default\">\n\t\t\t\t<div class=\"elementor-widget-container\">\n\t\t\t\t\t\t\t<p><span style=\"color: #d01a7f;\"><strong><span style=\"vertical-align: inherit;\"><span style=\"vertical-align: inherit;\"><span style=\"vertical-align: inherit;\"><span style=\"vertical-align: inherit;\">Experiencias Significativas<\/span><\/span><\/span><\/span><\/strong><\/span><\/p><p><span style=\"vertical-align: inherit;\"><span style=\"vertical-align: inherit;\"><span style=\"vertical-align: inherit;\"><span style=\"vertical-align: inherit;\"><span style=\"vertical-align: inherit;\"><span style=\"vertical-align: inherit;\"><span style=\"vertical-align: inherit;\"><span style=\"vertical-align: inherit;\"><span style=\"vertical-align: inherit;\"><span style=\"vertical-align: inherit;\">Sabemos que a trav\u00e9s de experiencias significativas podemos estimular el desarrollo integral de nuestras Grandes Personitas Kids. Aprender mientras se divierten con actividades que fomentan el desarrollo cognitivo.<\/span><\/span><\/span><\/span><\/span><\/span><\/span><\/span><\/span><\/span><\/p><p><span style=\"vertical-align: inherit;\"><span style=\"vertical-align: inherit;\"><span style=\"vertical-align: inherit;\"><span style=\"vertical-align: inherit;\"><span style=\"vertical-align: inherit;\"><span style=\"vertical-align: inherit;\"><span style=\"vertical-align: inherit;\"><span style=\"vertical-align: inherit;\"><span style=\"vertical-align: inherit;\"><span style=\"vertical-align: inherit;\">emocional, social y f\u00edsico es la manera m\u00e1s efectiva. Estas actividades abarcan \u00e1reas como matem\u00e1ticas, lenguaje y ciencias, brindando un aprendizaje completo y entretenido.<\/span><\/span><\/span><\/span><\/span><\/span><\/span><\/span><\/span><\/span><\/p>\t\t\t\t\t\t<\/div>\n\t\t\t\t<\/div>\n\t\t\t\t\t<\/div>\n\t\t\t\t<\/div>\n\t\t<div class=\"elementor-element elementor-element-d605399 e-grid e-con-boxed e-con e-parent\" data-id=\"d605399\" data-element_type=\"container\">\n\t\t\t\t\t<div class=\"e-con-inner\">\n\t\t\t\t<div class=\"elementor-element elementor-element-56dcfc2 elementor-widget elementor-widget-text-editor\" data-id=\"56dcfc2\" data-element_type=\"widget\" data-widget_type=\"text-editor.default\">\n\t\t\t\t<div class=\"elementor-widget-container\">\n\t\t\t\t\t\t\t<p><span style=\"color: #d01a7f;\"><strong><span style=\"vertical-align: inherit;\"><span style=\"vertical-align: inherit;\"><span style=\"vertical-align: inherit;\"><span style=\"vertical-align: inherit;\">Proyecto De Aula<\/span><\/span><\/span><\/span><\/strong><\/span><\/p><p style=\"text-align: left;\"><span style=\"vertical-align: inherit;\"><span style=\"vertical-align: inherit;\"><span style=\"vertical-align: inherit;\"><span style=\"vertical-align: inherit;\"><span style=\"vertical-align: inherit;\"><span style=\"vertical-align: inherit;\">Con los proyectos de aula, buscamos fomentar la curiosidad por aprender abordando temas de inter\u00e9s y proporcionando a los ni\u00f1os herramientas para reconocer y potenciar sus capacidades. Nuestro objetivo es que sean capaces de construir su propio conocimiento a trav\u00e9s de la exploraci\u00f3n y la interacci\u00f3n con su entorno, y que puedan expresar sus pensamientos, ideas y emociones de manera creativa.<\/span><\/span><\/span><\/span><\/span><\/span><\/p>\t\t\t\t\t\t<\/div>\n\t\t\t\t<\/div>\n\t\t\t\t\t<\/div>\n\t\t\t\t<\/div>\n\t\t<div class=\"elementor-element elementor-element-44c0ee3 e-grid e-con-boxed e-con e-parent\" data-id=\"44c0ee3\" data-element_type=\"container\">\n\t\t\t\t\t<div class=\"e-con-inner\">\n\t\t\t\t<div class=\"elementor-element elementor-element-95b3c0c elementor-widget elementor-widget-text-editor\" data-id=\"95b3c0c\" data-element_type=\"widget\" data-widget_type=\"text-editor.default\">\n\t\t\t\t<div class=\"elementor-widget-container\">\n\t\t\t\t\t\t\t<p><span style=\"color: #d01a7f;\"><strong><span style=\"vertical-align: inherit;\"><span style=\"vertical-align: inherit;\">Aprendizaje Reflexivo<\/span><\/span><\/strong><\/span><\/p><p><span style=\"vertical-align: inherit;\"><span style=\"vertical-align: inherit;\"><span style=\"vertical-align: inherit;\"><span style=\"vertical-align: inherit;\">Buscamos fomentar un ambiente en el que educadores, ni\u00f1os y padres colaboren para adaptar y mejorar continuamente los espacios de aprendizaje. Este enfoque promueve la autoevaluaci\u00f3n y el an\u00e1lisis cr\u00edtico, as\u00ed como la capacidad de metacognici\u00f3n, es decir, el pensamiento reflexivo sobre el propio proceso de aprendizaje.<\/span><\/span><\/span><\/span><\/p>\t\t\t\t\t\t<\/div>\n\t\t\t\t<\/div>\n\t\t\t\t\t<\/div>\n\t\t\t\t<\/div>\n\t\t<div class=\"elementor-element elementor-element-b1ab61b e-flex e-con-boxed e-con e-parent\" data-id=\"b1ab61b\" data-element_type=\"container\">\n\t\t\t\t\t<div class=\"e-con-inner\">\n\t\t\t\t<div class=\"elementor-element elementor-element-f4d0aaa elementor-tabs-alignment-center elementor-tabs-view-horizontal elementor-invisible elementor-widget elementor-widget-tabs\" data-id=\"f4d0aaa\" data-element_type=\"widget\" data-settings=\"{&quot;_animation&quot;:&quot;fadeInLeft&quot;}\" data-widget_type=\"tabs.default\">\n\t\t\t\t<div class=\"elementor-widget-container\">\n\t\t\t\t\t<div class=\"elementor-tabs\">\n\t\t\t<div class=\"elementor-tabs-wrapper\" role=\"tablist\" >\n\t\t\t\t\t\t\t\t\t<div id=\"elementor-tab-title-2561\" class=\"elementor-tab-title elementor-tab-desktop-title\" aria-selected=\"true\" data-tab=\"1\" role=\"tab\" tabindex=\"0\" aria-controls=\"elementor-tab-content-2561\" aria-expanded=\"false\">Misi\u00f3n<\/div>\n\t\t\t\t\t\t\t\t\t<div id=\"elementor-tab-title-2562\" class=\"elementor-tab-title elementor-tab-desktop-title\" aria-selected=\"false\" data-tab=\"2\" role=\"tab\" tabindex=\"-1\" aria-controls=\"elementor-tab-content-2562\" aria-expanded=\"false\">Visi\u00f3n<\/div>\n\t\t\t\t\t\t\t\t\t<div id=\"elementor-tab-title-2563\" class=\"elementor-tab-title elementor-tab-desktop-title\" aria-selected=\"false\" data-tab=\"3\" role=\"tab\" tabindex=\"-1\" aria-controls=\"elementor-tab-content-2563\" aria-expanded=\"false\">Filosof\u00eda<\/div>\n\t\t\t\t\t\t\t\t\t<div id=\"elementor-tab-title-2564\" class=\"elementor-tab-title elementor-tab-desktop-title\" aria-selected=\"false\" data-tab=\"4\" role=\"tab\" tabindex=\"-1\" aria-controls=\"elementor-tab-content-2564\" aria-expanded=\"false\">Valores<\/div>\n\t\t\t\t\t\t\t<\/div>\n\t\t\t<div class=\"elementor-tabs-content-wrapper\" role=\"tablist\" aria-orientation=\"vertical\">\n\t\t\t\t\t\t\t\t\t<div class=\"elementor-tab-title elementor-tab-mobile-title\" aria-selected=\"true\" data-tab=\"1\" role=\"tab\" tabindex=\"0\" aria-controls=\"elementor-tab-content-2561\" aria-expanded=\"false\">Misi\u00f3n<\/div>\n\t\t\t\t\t<div id=\"elementor-tab-content-2561\" class=\"elementor-tab-content elementor-clearfix\" data-tab=\"1\" role=\"tabpanel\" aria-labelledby=\"elementor-tab-title-2561\" tabindex=\"0\" hidden=\"false\"><p><span style=\"vertical-align: inherit;\"><span style=\"vertical-align: inherit;\">En Grandes Personitas Kids nos dedicamos a guiar el aprendizaje de los m\u00e1s peque\u00f1os desde temprana edad, prepar\u00e1ndolos para un futuro escolar exitoso. Nuestra misi\u00f3n incluye desarrollar habilidades, valores y destrezas mediante actividades l\u00fadicas y pedag\u00f3gicas. Buscamos hacer el aprendizaje significativo y divertido, creando ni\u00f1os felices y comprometidos con la sociedad.<\/span><\/span><\/p><\/div>\n\t\t\t\t\t\t\t\t\t<div class=\"elementor-tab-title elementor-tab-mobile-title\" aria-selected=\"false\" data-tab=\"2\" role=\"tab\" tabindex=\"-1\" aria-controls=\"elementor-tab-content-2562\" aria-expanded=\"false\">Visi\u00f3n<\/div>\n\t\t\t\t\t<div id=\"elementor-tab-content-2562\" class=\"elementor-tab-content elementor-clearfix\" data-tab=\"2\" role=\"tabpanel\" aria-labelledby=\"elementor-tab-title-2562\" tabindex=\"0\" hidden=\"hidden\"><p><span style=\"vertical-align: inherit;\"><span style=\"vertical-align: inherit;\"><span style=\"vertical-align: inherit;\"><span style=\"vertical-align: inherit;\">Para el a\u00f1o 2025, aspiramos a ser reconocidos entre los 20 mejores jardines infantiles de Bogot\u00e1. Basamos nuestra visi\u00f3n en una propuesta educativa centrada en la formaci\u00f3n integral de ni\u00f1os y ni\u00f1as felices y comprometidos socialmente.<\/span><\/span><\/span><\/span><\/p><\/div>\n\t\t\t\t\t\t\t\t\t<div class=\"elementor-tab-title elementor-tab-mobile-title\" aria-selected=\"false\" data-tab=\"3\" role=\"tab\" tabindex=\"-1\" aria-controls=\"elementor-tab-content-2563\" aria-expanded=\"false\">Filosof\u00eda<\/div>\n\t\t\t\t\t<div id=\"elementor-tab-content-2563\" class=\"elementor-tab-content elementor-clearfix\" data-tab=\"3\" role=\"tabpanel\" aria-labelledby=\"elementor-tab-title-2563\" tabindex=\"0\" hidden=\"hidden\"><p><span style=\"vertical-align: inherit;\"><span style=\"vertical-align: inherit;\">En Grandes Personitas Kids nos dedicamos a guiar el aprendizaje de los m\u00e1s peque\u00f1os desde temprana edad, prepar\u00e1ndolos para un futuro escolar exitoso. Nuestra misi\u00f3n incluye desarrollar habilidades, valores y destrezas mediante actividades l\u00fadicas y pedag\u00f3gicas. Buscamos hacer el aprendizaje significativo y divertido, creando ni\u00f1os felices y comprometidos con la sociedad.<\/span><\/span><\/p><\/div>\n\t\t\t\t\t\t\t\t\t<div class=\"elementor-tab-title elementor-tab-mobile-title\" aria-selected=\"false\" data-tab=\"4\" role=\"tab\" tabindex=\"-1\" aria-controls=\"elementor-tab-content-2564\" aria-expanded=\"false\">Valores<\/div>\n\t\t\t\t\t<div id=\"elementor-tab-content-2564\" class=\"elementor-tab-content elementor-clearfix\" data-tab=\"4\" role=\"tabpanel\" aria-labelledby=\"elementor-tab-title-2564\" tabindex=\"0\" hidden=\"hidden\"><p><span style=\"vertical-align: inherit;\"><span style=\"vertical-align: inherit;\">Los valores institucionales del Jardin Infantil Grandes Personitas kids representan la esencia de nuestro talento humano, los cuales nos permiten relacionarnos con las familias de nuestros estudiantes y velar por el bienestar de los derechos de cada ni\u00f1o y ni\u00f1a adem\u00e1s de su diversidad cultural. <\/span><\/span><br \/><span style=\"vertical-align: inherit;\"><span style=\"vertical-align: inherit;\">Trabajamos d\u00eda a d\u00eda para alcanzar los m\u00e1s altos est\u00e1ndares de calidad, implementando pol\u00edticas de mejoramiento continuo. Contamos con un personal calificado y comprometido con todos los requisitos de nuestra instituci\u00f3n.<\/span><\/span><\/p><\/div>\n\t\t\t\t\t\t\t<\/div>\n\t\t<\/div>\n\t\t\t\t<\/div>\n\t\t\t\t<\/div>\n\t\t\t\t\t<\/div>\n\t\t\t\t<\/div>\n\t\t<div class=\"elementor-element elementor-element-3c12538 e-flex e-con-boxed e-con e-parent\" data-id=\"3c12538\" data-element_type=\"container\">\n\t\t\t\t\t<div class=\"e-con-inner\">\n\t\t\t\t\t<\/div>\n\t\t\t\t<\/div>\n\t\t<div class=\"elementor-element elementor-element-3d66988b e-con-full e-flex e-con e-parent\" data-id=\"3d66988b\" data-element_type=\"container\" data-settings=\"{&quot;background_background&quot;:&quot;classic&quot;}\">\n\t\t\t\t<div class=\"elementor-element elementor-element-788e5a02 elementor-widget elementor-widget-heading\" data-id=\"788e5a02\" data-element_type=\"widget\" data-widget_type=\"heading.default\">\n\t\t\t\t<div class=\"elementor-widget-container\">\n\t\t\t<h1 class=\"elementor-heading-title elementor-size-default\">docentes<\/h1>\t\t<\/div>\n\t\t\t\t<\/div>\n\t\t\t\t<div class=\"elementor-element elementor-element-8ff0db5 elementor-widget elementor-widget-text-editor\" data-id=\"8ff0db5\" data-element_type=\"widget\" data-widget_type=\"text-editor.default\">\n\t\t\t\t<div class=\"elementor-widget-container\">\n\t\t\t\t\t\t\t<p><span style=\"vertical-align: inherit;\"><span style=\"vertical-align: inherit;\">Contamos con maestros altamente calificados, competentes y capacitados para fomentar la creatividad y la curiosidad en los ni\u00f1os, ayud\u00e1ndoles a desarrollar el gran potencial que ya poseen.<\/span><\/span><\/p>\t\t\t\t\t\t<\/div>\n\t\t\t\t<\/div>\n\t\t<div class=\"elementor-element elementor-element-3b30ae9f e-con-full e-flex e-con e-child\" data-id=\"3b30ae9f\" data-element_type=\"container\" data-settings=\"{&quot;background_background&quot;:&quot;classic&quot;}\">\n\t\t\t\t<\/div>\n\t\t\t\t<\/div>\n\t\t<div class=\"elementor-element elementor-element-299deb3 e-flex e-con-boxed e-con e-parent\" data-id=\"299deb3\" data-element_type=\"container\">\n\t\t\t\t\t<div class=\"e-con-inner\">\n\t\t<div class=\"elementor-element elementor-element-b9d4530 e-con-full e-flex e-con e-child\" data-id=\"b9d4530\" data-element_type=\"container\">\n\t\t<div class=\"elementor-element elementor-element-c15468a e-con-full e-flex e-con e-child\" data-id=\"c15468a\" data-element_type=\"container\">\n\t\t\t\t<\/div>\n\t\t\t\t<\/div>\n\t\t\t\t\t<\/div>\n\t\t\t\t<\/div>\n\t\t\t\t<\/div>\n\t\t","protected":false},"excerpt":{"rendered":"<p>\u00bfQuienes somos? Pedagog\u00eda GPK Nuestro proyecto pedag\u00f3gico se basa en la creaci\u00f3n de experiencias significativas a trav\u00e9s de proyectos de aula creando un aprendizaje reflexivo. Los ni\u00f1os pueden aprender de forma aut\u00f3noma mediante la observaci\u00f3n y su curiosidad natural, lo que les permite desarrollar su creatividad y fomentar el pensamiento cr\u00edtico y la capacidad de [&hellip;]<\/p>\n","protected":false},"author":2,"featured_media":0,"parent":0,"menu_order":0,"comment_status":"closed","ping_status":"closed","template":"","meta":{"footnotes":"","_joinchat":[]},"yoast_head":"<!-- This site is optimized with the Yoast SEO plugin v23.4 - https:\/\/yoast.com\/wordpress\/plugins\/seo\/ -->\n<title>Nosotros - Jardin Infantil Grandes Personitas Kids<\/title>\n<meta name=\"robots\" content=\"noindex, follow, max-snippet:-1, max-image-preview:large, max-video-preview:-1\" \/>\n<meta property=\"og:locale\" content=\"en_US\" \/>\n<meta property=\"og:type\" content=\"article\" \/>\n<meta property=\"og:title\" content=\"Nosotros - Jardin Infantil Grandes Personitas Kids\" \/>\n<meta property=\"og:description\" content=\"\u00bfQuienes somos? Pedagog\u00eda GPK Nuestro proyecto pedag\u00f3gico se basa en la creaci\u00f3n de experiencias significativas a trav\u00e9s de proyectos de aula creando un aprendizaje reflexivo. Los ni\u00f1os pueden aprender de forma aut\u00f3noma mediante la observaci\u00f3n y su curiosidad natural, lo que les permite desarrollar su creatividad y fomentar el pensamiento cr\u00edtico y la capacidad de [&hellip;]\" \/>\n<meta property=\"og:url\" content=\"https:\/\/grandespersonitaskids.com\/index.php\/nosotros\/\" \/>\n<meta property=\"og:site_name\" content=\"Jardin Infantil Grandes Personitas Kids\" \/>\n<meta property=\"article:modified_time\" content=\"2024-10-22T19:46:45+00:00\" \/>\n<meta name=\"twitter:card\" content=\"summary_large_image\" \/>\n<meta name=\"twitter:label1\" content=\"Est. reading time\" \/>\n\t<meta name=\"twitter:data1\" content=\"3 minutes\" \/>\n<script type=\"application\/ld+json\" class=\"yoast-schema-graph\">{\"@context\":\"https:\/\/schema.org\",\"@graph\":[{\"@type\":\"WebPage\",\"@id\":\"https:\/\/grandespersonitaskids.com\/index.php\/nosotros\/\",\"url\":\"https:\/\/grandespersonitaskids.com\/index.php\/nosotros\/\",\"name\":\"Nosotros - Jardin Infantil Grandes Personitas Kids\",\"isPartOf\":{\"@id\":\"https:\/\/grandespersonitaskids.com\/#website\"},\"datePublished\":\"2024-04-17T08:36:34+00:00\",\"dateModified\":\"2024-10-22T19:46:45+00:00\",\"breadcrumb\":{\"@id\":\"https:\/\/grandespersonitaskids.com\/index.php\/nosotros\/#breadcrumb\"},\"inLanguage\":\"en-US\",\"potentialAction\":[{\"@type\":\"ReadAction\",\"target\":[\"https:\/\/grandespersonitaskids.com\/index.php\/nosotros\/\"]}]},{\"@type\":\"BreadcrumbList\",\"@id\":\"https:\/\/grandespersonitaskids.com\/index.php\/nosotros\/#breadcrumb\",\"itemListElement\":[{\"@type\":\"ListItem\",\"position\":1,\"name\":\"Portada\",\"item\":\"https:\/\/grandespersonitaskids.com\/\"},{\"@type\":\"ListItem\",\"position\":2,\"name\":\"Nosotros\"}]},{\"@type\":\"WebSite\",\"@id\":\"https:\/\/grandespersonitaskids.com\/#website\",\"url\":\"https:\/\/grandespersonitaskids.com\/\",\"name\":\"Jardin Infantil Grandes Personitas Kids\",\"description\":\"\",\"publisher\":{\"@id\":\"https:\/\/grandespersonitaskids.com\/#organization\"},\"potentialAction\":[{\"@type\":\"SearchAction\",\"target\":{\"@type\":\"EntryPoint\",\"urlTemplate\":\"https:\/\/grandespersonitaskids.com\/?s={search_term_string}\"},\"query-input\":{\"@type\":\"PropertyValueSpecification\",\"valueRequired\":true,\"valueName\":\"search_term_string\"}}],\"inLanguage\":\"en-US\"},{\"@type\":\"Organization\",\"@id\":\"https:\/\/grandespersonitaskids.com\/#organization\",\"name\":\"Jardin Infantil Grandes Personitas Kids\",\"url\":\"https:\/\/grandespersonitaskids.com\/\",\"logo\":{\"@type\":\"ImageObject\",\"inLanguage\":\"en-US\",\"@id\":\"https:\/\/grandespersonitaskids.com\/#\/schema\/logo\/image\/\",\"url\":\"https:\/\/grandespersonitaskids.com\/wp-content\/uploads\/2024\/04\/Grandes-Personitas-Kids-Logo.png\",\"contentUrl\":\"https:\/\/grandespersonitaskids.com\/wp-content\/uploads\/2024\/04\/Grandes-Personitas-Kids-Logo.png\",\"width\":737,\"height\":255,\"caption\":\"Jardin Infantil Grandes Personitas Kids\"},\"image\":{\"@id\":\"https:\/\/grandespersonitaskids.com\/#\/schema\/logo\/image\/\"}}]}<\/script>\n<!-- \/ Yoast SEO plugin. -->","yoast_head_json":{"title":"Nosotros - Jardin Infantil Grandes Personitas Kids","robots":{"index":"noindex","follow":"follow","max-snippet":"max-snippet:-1","max-image-preview":"max-image-preview:large","max-video-preview":"max-video-preview:-1"},"og_locale":"en_US","og_type":"article","og_title":"Nosotros - Jardin Infantil Grandes Personitas Kids","og_description":"\u00bfQuienes somos? Pedagog\u00eda GPK Nuestro proyecto pedag\u00f3gico se basa en la creaci\u00f3n de experiencias significativas a trav\u00e9s de proyectos de aula creando un aprendizaje reflexivo. Los ni\u00f1os pueden aprender de forma aut\u00f3noma mediante la observaci\u00f3n y su curiosidad natural, lo que les permite desarrollar su creatividad y fomentar el pensamiento cr\u00edtico y la capacidad de [&hellip;]","og_url":"https:\/\/grandespersonitaskids.com\/index.php\/nosotros\/","og_site_name":"Jardin Infantil Grandes Personitas Kids","article_modified_time":"2024-10-22T19:46:45+00:00","twitter_card":"summary_large_image","twitter_misc":{"Est. reading time":"3 minutes"},"schema":{"@context":"https:\/\/schema.org","@graph":[{"@type":"WebPage","@id":"https:\/\/grandespersonitaskids.com\/index.php\/nosotros\/","url":"https:\/\/grandespersonitaskids.com\/index.php\/nosotros\/","name":"Nosotros - Jardin Infantil Grandes Personitas Kids","isPartOf":{"@id":"https:\/\/grandespersonitaskids.com\/#website"},"datePublished":"2024-04-17T08:36:34+00:00","dateModified":"2024-10-22T19:46:45+00:00","breadcrumb":{"@id":"https:\/\/grandespersonitaskids.com\/index.php\/nosotros\/#breadcrumb"},"inLanguage":"en-US","potentialAction":[{"@type":"ReadAction","target":["https:\/\/grandespersonitaskids.com\/index.php\/nosotros\/"]}]},{"@type":"BreadcrumbList","@id":"https:\/\/grandespersonitaskids.com\/index.php\/nosotros\/#breadcrumb","itemListElement":[{"@type":"ListItem","position":1,"name":"Portada","item":"https:\/\/grandespersonitaskids.com\/"},{"@type":"ListItem","position":2,"name":"Nosotros"}]},{"@type":"WebSite","@id":"https:\/\/grandespersonitaskids.com\/#website","url":"https:\/\/grandespersonitaskids.com\/","name":"Jardin Infantil Grandes Personitas Kids","description":"","publisher":{"@id":"https:\/\/grandespersonitaskids.com\/#organization"},"potentialAction":[{"@type":"SearchAction","target":{"@type":"EntryPoint","urlTemplate":"https:\/\/grandespersonitaskids.com\/?s={search_term_string}"},"query-input":{"@type":"PropertyValueSpecification","valueRequired":true,"valueName":"search_term_string"}}],"inLanguage":"en-US"},{"@type":"Organization","@id":"https:\/\/grandespersonitaskids.com\/#organization","name":"Jardin Infantil Grandes Personitas Kids","url":"https:\/\/grandespersonitaskids.com\/","logo":{"@type":"ImageObject","inLanguage":"en-US","@id":"https:\/\/grandespersonitaskids.com\/#\/schema\/logo\/image\/","url":"https:\/\/grandespersonitaskids.com\/wp-content\/uploads\/2024\/04\/Grandes-Personitas-Kids-Logo.png","contentUrl":"https:\/\/grandespersonitaskids.com\/wp-content\/uploads\/2024\/04\/Grandes-Personitas-Kids-Logo.png","width":737,"height":255,"caption":"Jardin Infantil Grandes Personitas Kids"},"image":{"@id":"https:\/\/grandespersonitaskids.com\/#\/schema\/logo\/image\/"}}]}},"_links":{"self":[{"href":"https:\/\/grandespersonitaskids.com\/index.php\/wp-json\/wp\/v2\/pages\/233"}],"collection":[{"href":"https:\/\/grandespersonitaskids.com\/index.php\/wp-json\/wp\/v2\/pages"}],"about":[{"href":"https:\/\/grandespersonitaskids.com\/index.php\/wp-json\/wp\/v2\/types\/page"}],"author":[{"embeddable":true,"href":"https:\/\/grandespersonitaskids.com\/index.php\/wp-json\/wp\/v2\/users\/2"}],"replies":[{"embeddable":true,"href":"https:\/\/grandespersonitaskids.com\/index.php\/wp-json\/wp\/v2\/comments?post=233"}],"version-history":[{"count":172,"href":"https:\/\/grandespersonitaskids.com\/index.php\/wp-json\/wp\/v2\/pages\/233\/revisions"}],"predecessor-version":[{"id":1320,"href":"https:\/\/grandespersonitaskids.com\/index.php\/wp-json\/wp\/v2\/pages\/233\/revisions\/1320"}],"wp:attachment":[{"href":"https:\/\/grandespersonitaskids.com\/index.php\/wp-json\/wp\/v2\/media?parent=233"}],"curies":[{"name":"wp","href":"https:\/\/api.w.org\/{rel}","templated":true}]}}