{"id":205,"date":"2024-04-18T16:21:01","date_gmt":"2024-04-18T14:21:01","guid":{"rendered":"https:\/\/grandespersonitaskids.com\/?page_id=205"},"modified":"2024-04-23T20:33:19","modified_gmt":"2024-04-23T18:33:19","slug":"blog","status":"publish","type":"page","link":"https:\/\/grandespersonitaskids.com\/index.php\/blog\/","title":{"rendered":"Blog"},"content":{"rendered":"\t\t<div data-elementor-type=\"wp-page\" data-elementor-id=\"205\" class=\"elementor elementor-205\">\n\t\t\t\t<div class=\"elementor-element elementor-element-1dd3d97a e-flex e-con-boxed e-con e-parent\" data-id=\"1dd3d97a\" data-element_type=\"container\">\n\t\t\t\t\t<div class=\"e-con-inner\">\n\t\t<div class=\"elementor-element elementor-element-5887fe38 e-flex e-con-boxed e-con e-child\" data-id=\"5887fe38\" data-element_type=\"container\" data-settings=\"{&quot;background_background&quot;:&quot;classic&quot;}\">\n\t\t\t\t\t<div class=\"e-con-inner\">\n\t\t\t\t<div class=\"elementor-element elementor-element-36a30a98 elementor-widget elementor-widget-heading\" data-id=\"36a30a98\" data-element_type=\"widget\" data-widget_type=\"heading.default\">\n\t\t\t\t<div class=\"elementor-widget-container\">\n\t\t\t<h1 class=\"elementor-heading-title elementor-size-default\">Blog<\/h1>\t\t<\/div>\n\t\t\t\t<\/div>\n\t\t\t\t<div class=\"elementor-element elementor-element-5ecefac7 elementor-widget__width-inherit elementor-widget elementor-widget-text-editor\" data-id=\"5ecefac7\" data-element_type=\"widget\" data-widget_type=\"text-editor.default\">\n\t\t\t\t<div class=\"elementor-widget-container\">\n\t\t\t\t\t\t\t<p>El Mundo de las Grandes Personitas.<\/p>\t\t\t\t\t\t<\/div>\n\t\t\t\t<\/div>\n\t\t\t\t\t<\/div>\n\t\t\t\t<\/div>\n\t\t\t\t\t<\/div>\n\t\t\t\t<\/div>\n\t\t<div class=\"elementor-element elementor-element-6d2860bc e-flex e-con-boxed e-con e-parent\" data-id=\"6d2860bc\" data-element_type=\"container\">\n\t\t\t\t\t<div class=\"e-con-inner\">\n\t\t\t\t\t<\/div>\n\t\t\t\t<\/div>\n\t\t<div class=\"elementor-element elementor-element-24b0b356 e-flex e-con-boxed e-con e-parent\" data-id=\"24b0b356\" data-element_type=\"container\">\n\t\t\t\t\t<div class=\"e-con-inner\">\n\t\t<div class=\"elementor-element elementor-element-521f5ae3 e-flex e-con-boxed e-con e-child\" data-id=\"521f5ae3\" data-element_type=\"container\" data-settings=\"{&quot;background_background&quot;:&quot;classic&quot;}\">\n\t\t\t\t\t<div class=\"e-con-inner\">\n\t\t\t\t<div class=\"elementor-element elementor-element-6f064ba2 elementor-widget elementor-widget-heading\" data-id=\"6f064ba2\" data-element_type=\"widget\" data-widget_type=\"heading.default\">\n\t\t\t\t<div class=\"elementor-widget-container\">\n\t\t\t<h2 class=\"elementor-heading-title elementor-size-default\">Suscr\u00edbase a nuestro blog\npara mantenerse actualizado<\/h2>\t\t<\/div>\n\t\t\t\t<\/div>\n\t\t\t\t\t<\/div>\n\t\t\t\t<\/div>\n\t\t\t\t\t<\/div>\n\t\t\t\t<\/div>\n\t\t\t\t<\/div>\n\t\t","protected":false},"excerpt":{"rendered":"<p>Blog El Mundo de las Grandes Personitas. Suscr\u00edbase a nuestro blog para mantenerse actualizado<\/p>\n","protected":false},"author":2,"featured_media":0,"parent":0,"menu_order":0,"comment_status":"open","ping_status":"closed","template":"","meta":{"footnotes":"","_joinchat":[]},"yoast_head":"<!-- This site is optimized with the Yoast SEO plugin v23.4 - https:\/\/yoast.com\/wordpress\/plugins\/seo\/ -->\n<title>Blog - Jardin Infantil Grandes Personitas Kids<\/title>\n<meta name=\"description\" content=\"Descubre un mundo de aprendizaje y exploraci\u00f3n en nuestro jard\u00edn infantil. Con un enfoque centrado en el ni\u00f1o, ofrecemos educaci\u00f3n preescolar de calidad, actividades extracurriculares enriquecedoras y servicios especializados para acompa\u00f1ar el desarrollo integral de tu peque\u00f1o.\" \/>\n<meta name=\"robots\" content=\"noindex, follow, max-snippet:-1, max-image-preview:large, max-video-preview:-1\" \/>\n<meta property=\"og:locale\" content=\"en_US\" \/>\n<meta property=\"og:type\" content=\"article\" \/>\n<meta property=\"og:title\" content=\"Blog - Jardin Infantil Grandes Personitas Kids\" \/>\n<meta property=\"og:description\" content=\"Descubre un mundo de aprendizaje y exploraci\u00f3n en nuestro jard\u00edn infantil. Con un enfoque centrado en el ni\u00f1o, ofrecemos educaci\u00f3n preescolar de calidad, actividades extracurriculares enriquecedoras y servicios especializados para acompa\u00f1ar el desarrollo integral de tu peque\u00f1o.\" \/>\n<meta property=\"og:url\" content=\"https:\/\/grandespersonitaskids.com\/index.php\/blog\/\" \/>\n<meta property=\"og:site_name\" content=\"Jardin Infantil Grandes Personitas Kids\" \/>\n<meta property=\"article:modified_time\" content=\"2024-04-23T18:33:19+00:00\" \/>\n<meta name=\"twitter:card\" content=\"summary_large_image\" \/>\n<meta name=\"twitter:label1\" content=\"Est. reading time\" \/>\n\t<meta name=\"twitter:data1\" content=\"2 minutes\" \/>\n<script type=\"application\/ld+json\" class=\"yoast-schema-graph\">{\"@context\":\"https:\/\/schema.org\",\"@graph\":[{\"@type\":\"WebPage\",\"@id\":\"https:\/\/grandespersonitaskids.com\/index.php\/blog\/\",\"url\":\"https:\/\/grandespersonitaskids.com\/index.php\/blog\/\",\"name\":\"Blog - Jardin Infantil Grandes Personitas Kids\",\"isPartOf\":{\"@id\":\"https:\/\/grandespersonitaskids.com\/#website\"},\"datePublished\":\"2024-04-18T14:21:01+00:00\",\"dateModified\":\"2024-04-23T18:33:19+00:00\",\"description\":\"Descubre un mundo de aprendizaje y exploraci\u00f3n en nuestro jard\u00edn infantil. Con un enfoque centrado en el ni\u00f1o, ofrecemos educaci\u00f3n preescolar de calidad, actividades extracurriculares enriquecedoras y servicios especializados para acompa\u00f1ar el desarrollo integral de tu peque\u00f1o.\",\"breadcrumb\":{\"@id\":\"https:\/\/grandespersonitaskids.com\/index.php\/blog\/#breadcrumb\"},\"inLanguage\":\"en-US\",\"potentialAction\":[{\"@type\":\"ReadAction\",\"target\":[\"https:\/\/grandespersonitaskids.com\/index.php\/blog\/\"]}]},{\"@type\":\"BreadcrumbList\",\"@id\":\"https:\/\/grandespersonitaskids.com\/index.php\/blog\/#breadcrumb\",\"itemListElement\":[{\"@type\":\"ListItem\",\"position\":1,\"name\":\"Portada\",\"item\":\"https:\/\/grandespersonitaskids.com\/\"},{\"@type\":\"ListItem\",\"position\":2,\"name\":\"Blog\"}]},{\"@type\":\"WebSite\",\"@id\":\"https:\/\/grandespersonitaskids.com\/#website\",\"url\":\"https:\/\/grandespersonitaskids.com\/\",\"name\":\"Jardin Infantil Grandes Personitas Kids\",\"description\":\"\",\"publisher\":{\"@id\":\"https:\/\/grandespersonitaskids.com\/#organization\"},\"potentialAction\":[{\"@type\":\"SearchAction\",\"target\":{\"@type\":\"EntryPoint\",\"urlTemplate\":\"https:\/\/grandespersonitaskids.com\/?s={search_term_string}\"},\"query-input\":{\"@type\":\"PropertyValueSpecification\",\"valueRequired\":true,\"valueName\":\"search_term_string\"}}],\"inLanguage\":\"en-US\"},{\"@type\":\"Organization\",\"@id\":\"https:\/\/grandespersonitaskids.com\/#organization\",\"name\":\"Jardin Infantil Grandes Personitas Kids\",\"url\":\"https:\/\/grandespersonitaskids.com\/\",\"logo\":{\"@type\":\"ImageObject\",\"inLanguage\":\"en-US\",\"@id\":\"https:\/\/grandespersonitaskids.com\/#\/schema\/logo\/image\/\",\"url\":\"https:\/\/grandespersonitaskids.com\/wp-content\/uploads\/2024\/04\/Grandes-Personitas-Kids-Logo.png\",\"contentUrl\":\"https:\/\/grandespersonitaskids.com\/wp-content\/uploads\/2024\/04\/Grandes-Personitas-Kids-Logo.png\",\"width\":737,\"height\":255,\"caption\":\"Jardin Infantil Grandes Personitas Kids\"},\"image\":{\"@id\":\"https:\/\/grandespersonitaskids.com\/#\/schema\/logo\/image\/\"}}]}<\/script>\n<!-- \/ Yoast SEO plugin. -->","yoast_head_json":{"title":"Blog - Jardin Infantil Grandes Personitas Kids","description":"Descubre un mundo de aprendizaje y exploraci\u00f3n en nuestro jard\u00edn infantil. Con un enfoque centrado en el ni\u00f1o, ofrecemos educaci\u00f3n preescolar de calidad, actividades extracurriculares enriquecedoras y servicios especializados para acompa\u00f1ar el desarrollo integral de tu peque\u00f1o.","robots":{"index":"noindex","follow":"follow","max-snippet":"max-snippet:-1","max-image-preview":"max-image-preview:large","max-video-preview":"max-video-preview:-1"},"og_locale":"en_US","og_type":"article","og_title":"Blog - Jardin Infantil Grandes Personitas Kids","og_description":"Descubre un mundo de aprendizaje y exploraci\u00f3n en nuestro jard\u00edn infantil. Con un enfoque centrado en el ni\u00f1o, ofrecemos educaci\u00f3n preescolar de calidad, actividades extracurriculares enriquecedoras y servicios especializados para acompa\u00f1ar el desarrollo integral de tu peque\u00f1o.","og_url":"https:\/\/grandespersonitaskids.com\/index.php\/blog\/","og_site_name":"Jardin Infantil Grandes Personitas Kids","article_modified_time":"2024-04-23T18:33:19+00:00","twitter_card":"summary_large_image","twitter_misc":{"Est. reading time":"2 minutes"},"schema":{"@context":"https:\/\/schema.org","@graph":[{"@type":"WebPage","@id":"https:\/\/grandespersonitaskids.com\/index.php\/blog\/","url":"https:\/\/grandespersonitaskids.com\/index.php\/blog\/","name":"Blog - Jardin Infantil Grandes Personitas Kids","isPartOf":{"@id":"https:\/\/grandespersonitaskids.com\/#website"},"datePublished":"2024-04-18T14:21:01+00:00","dateModified":"2024-04-23T18:33:19+00:00","description":"Descubre un mundo de aprendizaje y exploraci\u00f3n en nuestro jard\u00edn infantil. Con un enfoque centrado en el ni\u00f1o, ofrecemos educaci\u00f3n preescolar de calidad, actividades extracurriculares enriquecedoras y servicios especializados para acompa\u00f1ar el desarrollo integral de tu peque\u00f1o.","breadcrumb":{"@id":"https:\/\/grandespersonitaskids.com\/index.php\/blog\/#breadcrumb"},"inLanguage":"en-US","potentialAction":[{"@type":"ReadAction","target":["https:\/\/grandespersonitaskids.com\/index.php\/blog\/"]}]},{"@type":"BreadcrumbList","@id":"https:\/\/grandespersonitaskids.com\/index.php\/blog\/#breadcrumb","itemListElement":[{"@type":"ListItem","position":1,"name":"Portada","item":"https:\/\/grandespersonitaskids.com\/"},{"@type":"ListItem","position":2,"name":"Blog"}]},{"@type":"WebSite","@id":"https:\/\/grandespersonitaskids.com\/#website","url":"https:\/\/grandespersonitaskids.com\/","name":"Jardin Infantil Grandes Personitas Kids","description":"","publisher":{"@id":"https:\/\/grandespersonitaskids.com\/#organization"},"potentialAction":[{"@type":"SearchAction","target":{"@type":"EntryPoint","urlTemplate":"https:\/\/grandespersonitaskids.com\/?s={search_term_string}"},"query-input":{"@type":"PropertyValueSpecification","valueRequired":true,"valueName":"search_term_string"}}],"inLanguage":"en-US"},{"@type":"Organization","@id":"https:\/\/grandespersonitaskids.com\/#organization","name":"Jardin Infantil Grandes Personitas Kids","url":"https:\/\/grandespersonitaskids.com\/","logo":{"@type":"ImageObject","inLanguage":"en-US","@id":"https:\/\/grandespersonitaskids.com\/#\/schema\/logo\/image\/","url":"https:\/\/grandespersonitaskids.com\/wp-content\/uploads\/2024\/04\/Grandes-Personitas-Kids-Logo.png","contentUrl":"https:\/\/grandespersonitaskids.com\/wp-content\/uploads\/2024\/04\/Grandes-Personitas-Kids-Logo.png","width":737,"height":255,"caption":"Jardin Infantil Grandes Personitas Kids"},"image":{"@id":"https:\/\/grandespersonitaskids.com\/#\/schema\/logo\/image\/"}}]}},"_links":{"self":[{"href":"https:\/\/grandespersonitaskids.com\/index.php\/wp-json\/wp\/v2\/pages\/205"}],"collection":[{"href":"https:\/\/grandespersonitaskids.com\/index.php\/wp-json\/wp\/v2\/pages"}],"about":[{"href":"https:\/\/grandespersonitaskids.com\/index.php\/wp-json\/wp\/v2\/types\/page"}],"author":[{"embeddable":true,"href":"https:\/\/grandespersonitaskids.com\/index.php\/wp-json\/wp\/v2\/users\/2"}],"replies":[{"embeddable":true,"href":"https:\/\/grandespersonitaskids.com\/index.php\/wp-json\/wp\/v2\/comments?post=205"}],"version-history":[{"count":40,"href":"https:\/\/grandespersonitaskids.com\/index.php\/wp-json\/wp\/v2\/pages\/205\/revisions"}],"predecessor-version":[{"id":611,"href":"https:\/\/grandespersonitaskids.com\/index.php\/wp-json\/wp\/v2\/pages\/205\/revisions\/611"}],"wp:attachment":[{"href":"https:\/\/grandespersonitaskids.com\/index.php\/wp-json\/wp\/v2\/media?parent=205"}],"curies":[{"name":"wp","href":"https:\/\/api.w.org\/{rel}","templated":true}]}}